{"id":199,"date":"2025-02-28T13:30:47","date_gmt":"2025-02-28T13:30:47","guid":{"rendered":"https:\/\/schoena.de\/?page_id=199"},"modified":"2025-03-19T12:47:17","modified_gmt":"2025-03-19T12:47:17","slug":"dorfgemeinschaftsraum","status":"publish","type":"page","link":"https:\/\/schoena.de\/?page_id=199","title":{"rendered":"Dorfgemeinschaftsraum"},"content":{"rendered":"\n<p>Wir bieten eine sehr ansprechende und voll ausgestattete Location f\u00fcr Ihre Feiern, Feste, Veranstaltungen oder auch Besprechungen. Unser Dorfgemeinschaftsraum bietet all das, was Sie f\u00fcr Ihre Veranstaltung ben\u00f6tigen, egal ob zur privaten oder zur gewerblichen Nutzung!<\/p>\n<p><img loading=\"lazy\" decoding=\"async\" class=\"alignnone  wp-image-230\" src=\"http:\/\/schoena.de\/wp-content\/uploads\/2025\/03\/DGR3-300x135.jpg\" alt=\"\" width=\"696\" height=\"313\" srcset=\"https:\/\/schoena.de\/wp-content\/uploads\/2025\/03\/DGR3-300x135.jpg 300w, https:\/\/schoena.de\/wp-content\/uploads\/2025\/03\/DGR3-1024x461.jpg 1024w, https:\/\/schoena.de\/wp-content\/uploads\/2025\/03\/DGR3-768x346.jpg 768w, https:\/\/schoena.de\/wp-content\/uploads\/2025\/03\/DGR3-1536x691.jpg 1536w, https:\/\/schoena.de\/wp-content\/uploads\/2025\/03\/DGR3.jpg 1600w\" sizes=\"auto, (max-width: 696px) 100vw, 696px\" \/><\/p>\n<p><strong>Die Highlights:<\/strong><\/p>\n<ul>\n<li>Gute Erreichbarkeit<\/li>\n<li>Lage im Gr\u00fcnen &amp; abseits viel befahrener Stra\u00dfen<\/li>\n<li>Platz und Ausstattung f\u00fcr bis zu 70 Personen<\/li>\n<li>Gro\u00dfe Tanzfl\u00e4che (Parkett)<\/li>\n<li>K\u00fcche mit\n<ul>\n<li>Herd mit Backofen<\/li>\n<li>K\u00fchl- und Gefrierschr\u00e4nken<\/li>\n<li>Friteusen<\/li>\n<li>Sp\u00fclmaschine<\/li>\n<li>Kaffeemaschinen<\/li>\n<li>Geschirr und Besteck<\/li>\n<\/ul>\n<\/li>\n<li>Bar mit Getr\u00e4nkek\u00fchler, Bierzapfanlage und Sp\u00fclbecken<\/li>\n<li>Lagerm\u00f6glichkeiten<\/li>\n<li>Herren- und Damen-Toiletten<\/li>\n<li>Beamer und Musikbox<\/li>\n<li>Parkpl\u00e4tze direkt am Geb\u00e4ude<\/li>\n<li>Spielplatz mit Tischtennisplatte, Torwand, Basketballcourt und Spielger\u00e4ten vor Ort<\/li>\n<li>Flexibel und zu g\u00fcnstigen Konditionen buchbar.<\/li>\n<\/ul>\n<p>F\u00fcr weitere Informationen und Anfragen kontaktieren Sie uns unter <strong>Tel. 035364 169803<\/strong> oder <strong>E-Mail: dorfgemeinschaftsraum@schoena.de<\/strong>. <\/p>\n<p>Alternativ k\u00f6nnen Sie direkt auch hier eine unverbindliche Anfrage starten. <a href=\"https:\/\/schoena.de\/?page_id=239\">Anfrage Dorfgemeinschaftsraum<\/a><\/p>\n<p><img loading=\"lazy\" decoding=\"async\" class=\"alignnone  wp-image-225\" src=\"http:\/\/schoena.de\/wp-content\/uploads\/2025\/03\/2025-03-16_13-01-45_917-300x169.jpg\" alt=\"\" width=\"689\" height=\"388\" srcset=\"https:\/\/schoena.de\/wp-content\/uploads\/2025\/03\/2025-03-16_13-01-45_917-300x169.jpg 300w, https:\/\/schoena.de\/wp-content\/uploads\/2025\/03\/2025-03-16_13-01-45_917-1024x576.jpg 1024w, https:\/\/schoena.de\/wp-content\/uploads\/2025\/03\/2025-03-16_13-01-45_917-768x432.jpg 768w, https:\/\/schoena.de\/wp-content\/uploads\/2025\/03\/2025-03-16_13-01-45_917-1536x864.jpg 1536w, https:\/\/schoena.de\/wp-content\/uploads\/2025\/03\/2025-03-16_13-01-45_917-2048x1152.jpg 2048w\" sizes=\"auto, (max-width: 689px) 100vw, 689px\" \/><\/p>\n<p><img loading=\"lazy\" decoding=\"async\" class=\"alignnone  wp-image-228\" src=\"http:\/\/schoena.de\/wp-content\/uploads\/2025\/03\/DGR1F-300x192.jpg\" alt=\"\" width=\"688\" height=\"440\" srcset=\"https:\/\/schoena.de\/wp-content\/uploads\/2025\/03\/DGR1F-300x192.jpg 300w, https:\/\/schoena.de\/wp-content\/uploads\/2025\/03\/DGR1F-1024x654.jpg 1024w, https:\/\/schoena.de\/wp-content\/uploads\/2025\/03\/DGR1F-768x490.jpg 768w, https:\/\/schoena.de\/wp-content\/uploads\/2025\/03\/DGR1F-1536x981.jpg 1536w, https:\/\/schoena.de\/wp-content\/uploads\/2025\/03\/DGR1F-2048x1308.jpg 2048w\" sizes=\"auto, (max-width: 688px) 100vw, 688px\" \/><\/p>\n","protected":false},"excerpt":{"rendered":"<p>Wir bieten eine sehr ansprechende und voll ausgestattete Location f\u00fcr Ihre Feiern, Feste, Veranstaltungen oder auch Besprechungen. Unser Dorfgemeinschaftsraum bietet all das, was Sie f\u00fcr Ihre Veranstaltung ben\u00f6tigen, egal ob &hellip; <a href=\"https:\/\/schoena.de\/?page_id=199\" class=\"more-link\"><span class=\"screen-reader-text\">Dorfgemeinschaftsraum<\/span> weiterlesen<\/a><\/p>\n","protected":false},"author":1,"featured_media":0,"parent":0,"menu_order":0,"comment_status":"closed","ping_status":"closed","template":"","meta":{"footnotes":""},"class_list":["post-199","page","type-page","status-publish","hentry"],"_links":{"self":[{"href":"https:\/\/schoena.de\/index.php?rest_route=\/wp\/v2\/pages\/199","targetHints":{"allow":["GET"]}}],"collection":[{"href":"https:\/\/schoena.de\/index.php?rest_route=\/wp\/v2\/pages"}],"about":[{"href":"https:\/\/schoena.de\/index.php?rest_route=\/wp\/v2\/types\/page"}],"author":[{"embeddable":true,"href":"https:\/\/schoena.de\/index.php?rest_route=\/wp\/v2\/users\/1"}],"replies":[{"embeddable":true,"href":"https:\/\/schoena.de\/index.php?rest_route=%2Fwp%2Fv2%2Fcomments&post=199"}],"version-history":[{"count":12,"href":"https:\/\/schoena.de\/index.php?rest_route=\/wp\/v2\/pages\/199\/revisions"}],"predecessor-version":[{"id":242,"href":"https:\/\/schoena.de\/index.php?rest_route=\/wp\/v2\/pages\/199\/revisions\/242"}],"wp:attachment":[{"href":"https:\/\/schoena.de\/index.php?rest_route=%2Fwp%2Fv2%2Fmedia&parent=199"}],"curies":[{"name":"wp","href":"https:\/\/api.w.org\/{rel}","templated":true}]}}